{"id":1906,"date":"2018-12-25T02:30:45","date_gmt":"2018-12-25T02:30:45","guid":{"rendered":"https:\/\/demo.casethemes.net\/lawsight\/?page_id=229"},"modified":"2026-04-16T11:34:32","modified_gmt":"2026-04-16T09:34:32","slug":"home","status":"publish","type":"page","link":"https:\/\/bginterier.com\/en\/","title":{"rendered":"Kto sme"},"content":{"rendered":"<div class=\"wpb-content-wrapper\"><p>[vc_row][vc_column]\n\t\t\t\t<p class=\"rs-p-wp-fix\"><\/p>\n\t\t\t\t<sr7-module data-alias=\"home1-1\" data-id=\"3\" id=\"SR7_3_1\" class=\"rs-ov-hidden\" data-version=\"6.7.16\">\n\t\t\t\t\t<sr7-adjuster><\/sr7-adjuster>\n\t\t\t\t\t<sr7-content>\n\t\t\t\t\t\t<sr7-slide id=\"SR7_3_1-8\" data-key=\"8\">\n\t\t\t\t\t\t\t<sr7-bg id=\"SR7_3_1-8-5\" class=\"sr7-layer\"><noscript><img data-opt-id=915849663  fetchpriority=\"high\" decoding=\"async\" src=\"https:\/\/ml2giximymvt.i.optimole.com\/cb:IRDW.f0f\/w:auto\/h:auto\/q:mauto\/f:best\/https:\/\/bginterier.com\/wp-content\/uploads\/2024\/08\/hlavne1B.jpg\" alt=\"\" title=\"hlavne1B\"><\/noscript><\/sr7-bg>\n\t\t\t\t\t\t\t<sr7-txt id=\"SR7_3_1-8-2\" class=\"sr7-layer\">B&G Interi\u00e9r s.r.o.<\/sr7-txt>\n\t\t\t\t\t\t\t<sr7-txt id=\"SR7_3_1-8-3\" class=\"sr7-layer\">V\u00fdroba <cite>luxusn\u00e9ho<\/cite><\/br> n\u00e1bytku na mieru.<\/sr7-txt>\n\t\t\t\t\t\t\t<sr7-txt id=\"SR7_3_1-8-4\" class=\"sr7-layer\"><div class=\"btn\">Kontaktujte n\u00e1s<\/div><\/sr7-txt>\n\t\t\t\t\t\t<\/sr7-slide>\n\t\t\t\t\t\t<sr7-slide id=\"SR7_3_1-9\" data-key=\"9\">\n\t\t\t\t\t\t\t<sr7-bg id=\"SR7_3_1-9-5\" class=\"sr7-layer\"><noscript><img data-opt-id=873899489  fetchpriority=\"high\" decoding=\"async\" src=\"https:\/\/ml2giximymvt.i.optimole.com\/cb:IRDW.f0f\/w:auto\/h:auto\/q:mauto\/f:best\/https:\/\/bginterier.com\/wp-content\/uploads\/2024\/08\/hlavne2.jpg\" alt=\"\" title=\"hlavne2\"><\/noscript><\/sr7-bg>\n\t\t\t\t\t\t\t<sr7-txt id=\"SR7_3_1-9-2\" class=\"sr7-layer\">B&G Interi\u00e9r s.r.o.<\/sr7-txt>\n\t\t\t\t\t\t\t<sr7-txt id=\"SR7_3_1-9-3\" class=\"sr7-layer\"><cite>Individu\u00e1lny pr\u00edstup<\/cite> a <\/br>prec\u00edzna realiz\u00e1cia.<\/sr7-txt>\n\t\t\t\t\t\t\t<sr7-txt id=\"SR7_3_1-9-4\" class=\"sr7-layer\"><div class=\"btn\">Kontaktujte n\u00e1s<\/div><\/sr7-txt>\n\t\t\t\t\t\t<\/sr7-slide>\n\t\t\t\t\t\t<sr7-slide id=\"SR7_3_1-10\" data-key=\"10\">\n\t\t\t\t\t\t\t<sr7-bg id=\"SR7_3_1-10-5\" class=\"sr7-layer\"><noscript><img data-opt-id=446759015  decoding=\"async\" src=\"https:\/\/ml2giximymvt.i.optimole.com\/cb:IRDW.f0f\/w:auto\/h:auto\/q:mauto\/f:best\/https:\/\/bginterier.com\/wp-content\/uploads\/2024\/08\/hlavne3B.jpg\" alt=\"\" title=\"hlavne3B\"><\/noscript><\/sr7-bg>\n\t\t\t\t\t\t\t<sr7-txt id=\"SR7_3_1-10-2\" class=\"sr7-layer\">B&G Interi\u00e9r s.r.o.<\/sr7-txt>\n\t\t\t\t\t\t\t<sr7-txt id=\"SR7_3_1-10-3\" class=\"sr7-layer\"><cite>Inovat\u00edvne<\/cite>  rie\u0161enia<\/br> pre modern\u00e9 b\u00fdvanie.<\/sr7-txt>\n\t\t\t\t\t\t\t<sr7-txt id=\"SR7_3_1-10-4\" class=\"sr7-layer\"><div class=\"btn\">Kontaktujte n\u00e1s<\/div><\/sr7-txt>\n\t\t\t\t\t\t<\/sr7-slide>\n\t\t\t\t\t\t<sr7-slide id=\"SR7_3_1-11\" data-key=\"11\">\n\t\t\t\t\t\t<\/sr7-slide>\n\t\t\t\t\t<\/sr7-content>\n\t\t\t\t\t<image_lists style=\"display:none\">\n\t\t\t\t\t\t<img decoding=async data-opt-id=1413124680  data-src=\"https:\/\/ml2giximymvt.i.optimole.com\/cb:IRDW.f0f\/w:auto\/h:auto\/q:mauto\/f:best\/https:\/\/bginterier.com\/wp-content\/uploads\/2024\/08\/hlavne1B.jpg\" data-libid=\"2052\" data-lib=\"medialibrary\" title=\"hlavne1B\" width=\"0\" height=\"0\" data-dbsrc=\"Ly9iZ2ludGVyaWVyLmNvbS93cC1jb250ZW50L3VwbG9hZHMvMjAyNC8wOC9obGF2bmUxQi5qcGc=\"\/>\n\t\t\t\t\t\t<img decoding=async data-opt-id=1429798131  data-src=\"https:\/\/ml2giximymvt.i.optimole.com\/cb:IRDW.f0f\/w:auto\/h:auto\/q:mauto\/f:best\/https:\/\/bginterier.com\/wp-content\/uploads\/2024\/08\/hlavne2.jpg\" data-libid=\"2050\" data-lib=\"medialibrary\" title=\"hlavne2\" width=\"0\" height=\"0\" data-dbsrc=\"Ly9iZ2ludGVyaWVyLmNvbS93cC1jb250ZW50L3VwbG9hZHMvMjAyNC8wOC9obGF2bmUyLmpwZw==\"\/>\n\t\t\t\t\t\t<img decoding=async data-opt-id=386331556  data-src=\"https:\/\/ml2giximymvt.i.optimole.com\/cb:IRDW.f0f\/w:auto\/h:auto\/q:mauto\/f:best\/https:\/\/bginterier.com\/wp-content\/uploads\/2024\/08\/hlavne3B.jpg\" data-libid=\"2053\" data-lib=\"medialibrary\" title=\"hlavne3B\" width=\"0\" height=\"0\" data-dbsrc=\"Ly9iZ2ludGVyaWVyLmNvbS93cC1jb250ZW50L3VwbG9hZHMvMjAyNC8wOC9obGF2bmUzQi5qcGc=\"\/>\n\t\t\t\t\t<\/image_lists>\n\t\t\t\t<\/sr7-module>\n\t\t\t\t<script>\n\t\t\t\t\tSR7.PMH ??={}; SR7.PMH[\"SR7_3_1\"] = {cn:0,state:false,fn: function() { if (_tpt!==undefined && _tpt.prepareModuleHeight !== undefined) {  _tpt.prepareModuleHeight({id:\"SR7_3_1\",el:[600,600,600,600,600],type:'standard',shdw:'0',gh:[600,600,600,600,600],gw:[1230,1230,1024,778,480],vpt:['100px&#039;,&#039;100px&#039;,&#039;100px&#039;,&#039;100px&#039;,&#039;100px'],size:{fullWidth:true, fullHeight:true},fho:'#wpadminbar,',mh:'0',onh:0,onw:0,bg:{color:'{\"orig\":\"transparent\",\"type\":\"solid\",\"string\":\"transparent\"}'},plType:'0',plColor:'#FFFFFF'});   SR7.PMH[\"SR7_3_1\"].state=true;} else if((SR7.PMH[\"SR7_3_1\"].cn++)<100)\tsetTimeout( SR7.PMH[\"SR7_3_1\"].fn,19);}};SR7.PMH[\"SR7_3_1\" ].fn();\n\t\t\t\t<\/script>\n[\/vc_column][\/vc_row][vc_row full_width=&#8221;stretch_row&#8221; bg_image_position=&#8221;bg-image-ps-bottom&#8221; css=&#8221;.vc_custom_1724498814951{padding-top: 65px !important;padding-bottom: 95px !important;background: #191514 url(https:\/\/ml2giximymvt.i.optimole.com\/cb:IRDW.f0f\/w:auto\/h:auto\/q:mauto\/f:best\/https:\/\/bginterier.com\/wp-content\/uploads\/2024\/08\/bg-fancybox2.png?id=2096) !important;background-position: center !important;background-repeat: no-repeat !important;background-size: cover !important;}&#8221;][vc_column css_animation=&#8221;fadeInUp&#8221; width=&#8221;1\/3&#8243; css=&#8221;.vc_custom_1551776140051{padding-top: 30px !important;}&#8221;][ct_fancybox icon_list=&#8221;flaticon&#8221; btn_link=&#8221;url:https%3A%2F%2Fbginterier.com%2Fnase-sluzby%2F&#8221; title=&#8221;N\u00c1VRH&#8221; description=&#8221;Va\u0161e predstavy si na za\u010diatku zrealizujeme v nieko\u013ek\u00fdch n\u00e1vrhoch.&#8221; icon_flaticon=&#8221;flaticon-legal-paper&#8221;][\/vc_column][vc_column css_animation=&#8221;fadeInUp&#8221; width=&#8221;1\/3&#8243; css=&#8221;.vc_custom_1551776131435{padding-top: 30px !important;}&#8221;][ct_fancybox icon_list=&#8221;flaticon&#8221; btn_link=&#8221;url:https%3A%2F%2Fbginterier.com%2Fnase-sluzby%2F&#8221; title=&#8221;V\u00ddROBA&#8221; description=&#8221;Na v\u00fdrobu pou\u017e\u00edvame prvotriedne materi\u00e1ly a kovanie.&#8221; icon_flaticon=&#8221;flaticon-real-estate&#8221;][\/vc_column][vc_column css_animation=&#8221;fadeInUp&#8221; width=&#8221;1\/3&#8243; css=&#8221;.vc_custom_1551776148153{padding-top: 30px !important;}&#8221;][ct_fancybox icon_list=&#8221;flaticon&#8221; btn_link=&#8221;url:https%3A%2F%2Fbginterier.com%2Fnase-sluzby%2F&#8221; title=&#8221;REALIZ\u00c1CIE&#8221; description=&#8221;N\u00e1bytok je vyroben\u00fd na mieru, prepracovan\u00fd do najmen\u0161\u00edch detailov.&#8221; icon_flaticon=&#8221;flaticon-on-time-support&#8221;][\/vc_column][\/vc_row][vc_row full_width=&#8221;stretch_row_content_no_spaces&#8221; css=&#8221;.vc_custom_1551779242839{padding-bottom: 120px !important;}&#8221;][vc_column width=&#8221;1\/2&#8243; ct_column_class=&#8221;rm-padding-lg&#8221; ct_column_offset=&#8221;col-offset-left&#8221; css=&#8221;.vc_custom_1551779035306{padding-top: 0px !important;}&#8221;][ct_space space_lg=&#8221;112&#8243; space_md=&#8221;112&#8243; space_sm=&#8221;112&#8243; space_xs=&#8221;112&#8243;][ct_heading text=&#8221;<cite>B&amp;G interi\u00e9r<\/cite> premen\u00ed Va\u0161u predstavu na dokonal\u00e9 dielo.&#8221; font_size_sm=&#8221;24&#8243; font_size_xs=&#8221;24&#8243; font_weight=&#8221;&#8221; show_gap=&#8221;show&#8221; subtitle=&#8221;O N\u00c1S&#8221; description_font_weight=&#8221;inherit&#8221; margin_bottom=&#8221;0&#8243;][vc_column_text css=&#8221;.vc_custom_1762205945371{margin-top: 37px !important;margin-bottom: 40px !important;}&#8221; el_class=&#8221;text-block1&#8243;]<\/p>\n<p class=\"p1\">V B&amp;G interi\u00e9r navrhujeme a vyr\u00e1bame <span class=\"s1\"><b>n\u00e1bytok na mieru<\/b><\/span>, ktor\u00fd dokonale zapadne do v\u00e1\u0161ho priestoru. \u0160pecializujeme sa na <span class=\"s1\"><b>atypick\u00fd n\u00e1bytok na mieru<\/b><\/span>, pri\u010dom sp\u00e1jame modern\u00fd dizajn, kvalitn\u00e9 materi\u00e1ly a prec\u00edzne remeseln\u00e9 spracovanie.<\/p>\n<p class=\"p1\">Na\u0161e portf\u00f3lio zah\u0155\u0148a <span class=\"s1\"><b>kuchyne na mieru<\/b><\/span>, vstavan\u00e9 skrine, bary, recepcie \u010di kompletn\u00e9 zariadenie <span class=\"s1\"><b>obchodn\u00fdch, rekrea\u010dn\u00fdch a kancel\u00e1rskych priestorov<\/b><\/span>. Ka\u017ed\u00fd kus n\u00e1bytku vyr\u00e1bame individu\u00e1lne \u2013 pod\u013ea predst\u00e1v klienta, funk\u010dn\u00fdch po\u017eiadaviek aj architektonick\u00e9ho rie\u0161enia interi\u00e9ru.<\/p>\n<p class=\"p1\">M\u00e1me dlhoro\u010dn\u00e9 sk\u00fasenosti s realiz\u00e1ciou interi\u00e9rov, vr\u00e1tane n\u00e1ro\u010dn\u00fdch projektov pre <span class=\"s1\"><b>lode a jachty<\/b><\/span>, kde je d\u00f4raz na detail nevyhnutn\u00fd. N\u00e1\u0161 t\u00edm odborn\u00edkov db\u00e1 na presnos\u0165, kvalitu spracovania a estetiku ka\u017ed\u00e9ho vyroben\u00e9ho kusu.<\/p>\n<p class=\"p1\"><span class=\"s1\"><b>N\u00e1bytok na mieru od B&amp;G interi\u00e9r<\/b><\/span> je ur\u010den\u00fd pre t\u00fdch, ktor\u00ed h\u013eadaj\u00fa spojenie originality, funk\u010dnosti a nad\u010dasov\u00e9ho dizajnu.<\/p>\n<p>[\/vc_column_text][vc_raw_html css=&#8221;.vc_custom_1724396485498{margin-bottom: 31px !important;}&#8221;]JTNDZGl2JTIwY2xhc3MlM0QlMjJjYWxsLXVzJTIyJTNFJTBBJTA5WmF2b2xhanRlJTIwbiVDMyVBMW0lMjAlM0NhJTIwaHJlZiUzRCUyMmh0dHBzJTNBJTJGJTJGYmdpbnRlcmllci5jb20lMkZrb250YWt0JTJGJTIyJTNFYWslMjBtJUMzJUExdGUlMjBvdCVDMyVBMXpreSUzQyUyRmElM0UlMjAlM0NzcGFuJTIwY2xhc3MlM0QlMjJjYWxsLW51bWJlciUyMiUzRSUyMCUyQjQyMSUyMDkwMyUyMDYxNSUyMDQ1MCUyMCUzQ3NwYW4lM0VhbGVibyUzQyUyRnNwYW4lM0UlMjAlMkI0MjElMjA5MDQlMjA2NTYlMjA0OTElM0MlMkZzcGFuJTNFJTBBJTNDJTJGZGl2JTNF[\/vc_raw_html][vc_separator color=&#8221;custom&#8221; style=&#8221;dashed&#8221; css=&#8221;.vc_custom_1547050658861{margin-bottom: 23px !important;}&#8221; accent_color=&#8221;#b7b7b7&#8243;][ct_signature][ct_space space_lg=&#8221;0&#8243; space_md=&#8221;0&#8243; space_sm=&#8221;0&#8243; space_xs=&#8221;60&#8243;][\/vc_column][vc_column css_animation=&#8221;fadeInRight&#8221; width=&#8221;1\/2&#8243; ct_column_class=&#8221;rm-padding-md&#8221; css=&#8221;.vc_custom_1552030675484{padding-top: 0px !important;padding-left: 105px !important;}&#8221;][ct_box_background_image bg_image=&#8221;2066&#8243; layer_image=&#8221;2067&#8243;][ct_space space_lg=&#8221;0&#8243; space_md=&#8221;0&#8243; space_sm=&#8221;0&#8243; space_xs=&#8221;50&#8243;][\/vc_column][\/vc_row][vc_row full_width=&#8221;stretch_row&#8221; parallax=&#8221;content-moving&#8221; parallax_image=&#8221;2090&#8243; ct_row_class=&#8221;row-overlay&#8221; css=&#8221;.vc_custom_1724497674192{background-color: rgba(0,0,0,0.9) !important;*background-color: rgb(0,0,0) !important;}&#8221;][vc_column css=&#8221;.vc_custom_1551797677093{padding-top: 112px !important;}&#8221;][vc_row_inner][vc_column_inner width=&#8221;1\/4&#8243;][\/vc_column_inner][vc_column_inner width=&#8221;1\/2&#8243; ct_column_inner_class=&#8221;rm-padding-lg&#8221; css=&#8221;.vc_custom_1551779742241{padding-top: 0px !important;padding-right: 45px !important;padding-bottom: 63px !important;padding-left: 45px !important;}&#8221;][ct_heading text=&#8221;<cite>Na\u0161e slu\u017eby<\/cite> zah\u0155\u0148aj\u00fa individu\u00e1lny n\u00e1vrh interi\u00e9ru, prec\u00edznu v\u00fdrobu najmodernej\u0161\u00edmi technol\u00f3giami a profesion\u00e1lnu mont\u00e1\u017e priamo u V\u00e1s doma.&#8221; align_lg=&#8221;align-center&#8221; align_md=&#8221;align-center-md&#8221; align_sm=&#8221;align-center-sm&#8221; align_xs=&#8221;align-center-xs&#8221; font_size_sm=&#8221;24&#8243; font_size_xs=&#8221;24&#8243; font_weight=&#8221;&#8221; text_color=&#8221;#ffffff&#8221; show_gap=&#8221;show&#8221; subtitle=&#8221;Services&#8221; description_font_weight=&#8221;inherit&#8221; margin_bottom=&#8221;0&#8243; el_class=&#8221;sub-color-primary&#8221;][\/vc_column_inner][vc_column_inner width=&#8221;1\/4&#8243;][\/vc_column_inner][\/vc_row_inner][vc_row_inner content_placement=&#8221;bottom&#8221; css=&#8221;.vc_custom_1551797750063{padding-top: 120px !important;}&#8221;][vc_column_inner el_class=&#8221;z-index-99&#8243; width=&#8221;2\/3&#8243; ct_column_inner_class=&#8221;rm-padding-lg&#8221; css=&#8221;.vc_custom_1551799096439{padding-top: 0px !important;padding-right: 40px !important;padding-bottom: 120px !important;}&#8221;][ct_testimonial_carousel cms_template=&#8221;ct_testimonial_carousel&#8211;layout2.php&#8221; testimonial_item=&#8221;%5B%7B%22title%22%3A%22Vierka%22%2C%22position%22%3A%22Bratislava%22%2C%22content%22%3A%22Chceli%20by%20sme%20ve%C4%BEmi%20pekne%20po%C4%8Fakova%C5%A5%20za%20n%C3%A1bytok%20na%20mieru%20do%20n%C3%A1%C5%A1ho%20nov%C3%A9ho%20dom%C4%8Deku.%20Sme%20maxim%C3%A1lne%20spokojn%C3%AD%20%C4%8Di%20u%C5%BE%20s%20komunik%C3%A1ciou%20pri%20v%C3%BDbere%20ako%20aj%20so%20samotnou%20realiz%C3%A1ciou.%20%22%2C%22image%22%3A%221671%22%7D%2C%7B%22title%22%3A%22Marek%22%2C%22position%22%3A%22Praha%22%2C%22content%22%3A%22Pokud%20m%C3%A1m%20poradit%20n%C4%9Bkomu%20p%C5%99i%20rozhodov%C3%A1n%C3%AD%20ur%C4%8Dit%C4%9B%20doporu%C4%8Duji%20firmu%20B%26G%20Interi%C3%A9r.%20Od%20objedn%C3%A1n%C3%AD%20a%C5%BE%20po%20doru%C4%8Den%C3%AD%20v%C5%A1e%20prob%C4%9Bhlo%20nad%5Cnr%C3%A1mec%20spokojenosti.%22%2C%22image%22%3A%221598%22%7D%2C%7B%22title%22%3A%22Ani%C4%8Dka%22%2C%22position%22%3A%22Ko%C5%A1ice%22%2C%22content%22%3A%22%C4%8Eakujeme%20ve%C4%BEmi%20pekne%20za%20nov%C3%BD%20n%C3%A1bytok%20do%20m%C3%B4jho%20bytu.%20Kvalitn%C3%A9%20prevedenie%20a%20odoln%C3%A9%20mas%C3%ADvne%20materi%C3%A1ly.%20Odpor%C3%BA%C4%8Dame%20v%C5%A1etk%C3%BDmi%20desiatimi.%22%2C%22image%22%3A%221599%22%7D%5D&#8221; col_xs=&#8221;1&#8243; col_sm=&#8221;1&#8243; col_md=&#8221;1&#8243; col_lg=&#8221;1&#8243; col_xl=&#8221;1&#8243; loop=&#8221;true&#8221; autoplay=&#8221;true&#8221; autoplay_timeout=&#8221;10000&#8243; smart_speed=&#8221;500&#8243; bullets=&#8221;true&#8221;][\/vc_column_inner][vc_column_inner el_class=&#8221;rm-margin-sm&#8221; width=&#8221;1\/3&#8243; ct_column_inner_class=&#8221;rm-padding-lg&#8221; css=&#8221;.vc_custom_1552032094586{margin-left: -45px !important;padding-top: 0px !important;padding-left: 0px !important;}&#8221;][vc_single_image image=&#8221;2080&#8243; img_size=&#8221;full&#8221; alignment=&#8221;center&#8221; css_animation=&#8221;fadeInRight&#8221; css=&#8221;.vc_custom_1724495624487{margin-bottom: 0px !important;}&#8221; el_class=&#8221;personal-shadow&#8221;][\/vc_column_inner][\/vc_row_inner][\/vc_column][\/vc_row][vc_row full_width=&#8221;stretch_row&#8221; bg_image_position=&#8221;bg-image-ps-bottom&#8221; css=&#8221;.vc_custom_1724498910034{background-image: url(https:\/\/ml2giximymvt.i.optimole.com\/cb:IRDW.f0f\/w:auto\/h:auto\/q:mauto\/f:best\/https:\/\/bginterier.com\/wp-content\/uploads\/2024\/08\/bg-fancybox2.png?id=2096) !important;background-position: center !important;background-repeat: no-repeat !important;background-size: contain !important;}&#8221;][vc_column css=&#8221;.vc_custom_1551799763630{padding-top: 112px !important;padding-bottom: 120px !important;}&#8221;][vc_row_inner][vc_column_inner width=&#8221;1\/2&#8243; css=&#8221;.vc_custom_1551799600439{padding-top: 0px !important;}&#8221;][ct_heading text=&#8221;Sme ve\u013emi hrd\u00ed na na\u0161e skvel\u00e9 <cite>\u00faspechy<\/cite>.&#8221; font_size_sm=&#8221;24&#8243; font_size_xs=&#8221;24&#8243; font_weight=&#8221;&#8221; show_gap=&#8221;show&#8221; subtitle=&#8221;Fakty&#8221; description_font_weight=&#8221;inherit&#8221; margin_bottom=&#8221;0&#8243;][\/vc_column_inner][vc_column_inner width=&#8221;1\/4&#8243; css=&#8221;.vc_custom_1551799595620{padding-top: 41px !important;}&#8221;][\/vc_column_inner][vc_column_inner width=&#8221;1\/4&#8243; css=&#8221;.vc_custom_1551799588996{padding-top: 41px !important;}&#8221;][vc_column_text css=&#8221;.vc_custom_1724496481160{margin-bottom: 0px !important;padding-bottom: 0px !important;}&#8221; el_class=&#8221;text-block1&#8243;]\u010eakujeme na\u0161\u00edm klientom \u017ee n\u00e1m pomohli dosiahnu\u0165 tieto v\u00fdsledky.[\/vc_column_text][\/vc_column_inner][\/vc_row_inner][vc_empty_space height=&#8221;0&#8243;][vc_row_inner css=&#8221;.vc_custom_1551799784539{padding-top: 56px !important;}&#8221;][vc_column_inner width=&#8221;1\/2&#8243; css=&#8221;.vc_custom_1551755378373{padding-top: 30px !important;}&#8221; offset=&#8221;vc_col-lg-3 vc_col-md-3&#8243; animation_column=&#8221;fadeInUp&#8221;][ct_counter title=&#8221;Vyroben\u00fdch kusov n\u00e1bytku&#8221; digit=&#8221;3825&#8243; suffix=&#8221;+&#8221;][\/vc_column_inner][vc_column_inner width=&#8221;1\/2&#8243; css=&#8221;.vc_custom_1551755386933{padding-top: 30px !important;}&#8221; offset=&#8221;vc_col-lg-3 vc_col-md-3&#8243; animation_column=&#8221;fadeInUp&#8221;][ct_counter style=&#8221;style2&#8243; title=&#8221;Spokojn\u00fdch klientov&#8221; digit=&#8221;532&#8243; suffix=&#8221;+&#8221;][\/vc_column_inner][vc_column_inner width=&#8221;1\/2&#8243; css=&#8221;.vc_custom_1551755396229{padding-top: 30px !important;}&#8221; offset=&#8221;vc_col-lg-3 vc_col-md-3&#8243; animation_column=&#8221;fadeInUp&#8221;][ct_counter title=&#8221;Intern\u00fdch zamestnancov&#8221; digit=&#8221;15&#8243; prefix=&#8221;+&#8221;][\/vc_column_inner][vc_column_inner width=&#8221;1\/2&#8243; css=&#8221;.vc_custom_1551755404431{padding-top: 30px !important;}&#8221; offset=&#8221;vc_col-lg-3 vc_col-md-3&#8243; animation_column=&#8221;fadeInUp&#8221;][ct_counter style=&#8221;style2&#8243; title=&#8221;Mesta Eur\u00f3py kde sme dod\u00e1vali&#8221; digit=&#8221;17&#8243; prefix=&#8221;+&#8221;][\/vc_column_inner][\/vc_row_inner][\/vc_column][\/vc_row][vc_row full_width=&#8221;stretch_row&#8221; parallax=&#8221;content-moving&#8221; parallax_image=&#8221;1696&#8243; ct_row_class=&#8221;row-overlay&#8221; css=&#8221;.vc_custom_1551803605615{background-color: rgba(0,0,0,0.85) !important;*background-color: rgb(0,0,0) !important;}&#8221;][vc_column css=&#8221;.vc_custom_1551803568117{padding-top: 112px !important;padding-bottom: 120px !important;}&#8221;][vc_row_inner css=&#8221;.vc_custom_1551806611339{padding-top: 0px !important;padding-bottom: 50px !important;}&#8221;][vc_column_inner width=&#8221;5\/12&#8243; ct_column_inner_class=&#8221;rm-padding-lg&#8221; css=&#8221;.vc_custom_1551803792885{padding-top: 0px !important;padding-right: 60px !important;}&#8221;][ct_heading text=&#8221;Nev\u00e1hajte n\u00e1s kontaktova\u0165, sme tu <cite>pre V\u00e1s<\/cite>&#8221; font_size_sm=&#8221;24&#8243; font_size_xs=&#8221;24&#8243; font_weight=&#8221;&#8221; text_color=&#8221;#ffffff&#8221; show_gap=&#8221;show&#8221; subtitle=&#8221;Kontaktujte n\u00e1s&#8221; description_font_weight=&#8221;inherit&#8221; margin_bottom=&#8221;0&#8243;][\/vc_column_inner][vc_column_inner width=&#8221;1\/3&#8243; ct_column_inner_class=&#8221;rm-padding-lg&#8221; css=&#8221;.vc_custom_1551806492106{padding-top: 44px !important;padding-right: 40px !important;}&#8221;][ct_contact_info style=&#8221;style2&#8243; content_color=&#8221;#ffffff&#8221; icon_list=&#8221;flaticon&#8221; content_info=&#8221;B&amp;G Interi\u00e9r, s.r.o., Priemyseln\u00fd are\u00e1l 148, 089 01 Stro\u010d\u00edn&#8221; icon_flaticon=&#8221;flaticon-placeholder&#8221;][\/vc_column_inner][vc_column_inner width=&#8221;1\/4&#8243; css=&#8221;.vc_custom_1551806497870{padding-top: 44px !important;}&#8221;][ct_contact_info style=&#8221;style2&#8243; content_color=&#8221;#ffffff&#8221; content_type=&#8221;tel&#8221; icon_list=&#8221;flaticon&#8221; content_info=&#8221;+421 903 615 450&#8243; icon_flaticon=&#8221;flaticon-phone-call&#8221;][vc_empty_space height=&#8221;17&#8243;][ct_contact_info style=&#8221;style2&#8243; content_color=&#8221;#ffffff&#8221; content_type=&#8221;email&#8221; icon_list=&#8221;flaticon&#8221; content_info=&#8221;info@bginterier.com&#8221; icon_flaticon=&#8221;flaticon-chat&#8221;][\/vc_column_inner][\/vc_row_inner][ct_contact_form id=&#8221;2103&#8243; styles=&#8221;style4&#8243;][\/vc_column][\/vc_row][vc_row][vc_column css=&#8221;.vc_custom_1551841074511{padding-top: 112px !important;padding-bottom: 90px !important;}&#8221;][vc_row_inner css=&#8221;.vc_custom_1551841066340{padding-bottom: 26px !important;}&#8221;][vc_column_inner width=&#8221;1\/2&#8243; css=&#8221;.vc_custom_1551751394707{padding-top: 0px !important;}&#8221;][ct_heading text=&#8221;Pozrite si uk\u00e1\u017eky na\u0161\u00edch <cite>realiz\u00e1ci\u00ed<\/cite>.&#8221; font_size_sm=&#8221;24&#8243; font_size_xs=&#8221;24&#8243; font_weight=&#8221;&#8221; show_gap=&#8221;show&#8221; subtitle=&#8221;Na\u0161e pr\u00e1ce&#8221; description_font_weight=&#8221;inherit&#8221; margin_bottom=&#8221;0&#8243;][\/vc_column_inner][vc_column_inner width=&#8221;1\/2&#8243; css=&#8221;.vc_custom_1551751389933{padding-top: 41px !important;}&#8221;][\/vc_column_inner][\/vc_row_inner][ct_blog_carousel readmore_text=&#8221;pozrie\u0165 viac&#8221; btn_style=&#8221;btn-dark&#8221; col_xs=&#8221;1&#8243; col_sm=&#8221;2&#8243; col_md=&#8221;2&#8243; col_lg=&#8221;3&#8243; col_xl=&#8221;3&#8243; loop=&#8221;true&#8221; autoplay=&#8221;true&#8221; autoplay_timeout=&#8221;10000&#8243; smart_speed=&#8221;500&#8243;][\/vc_column][\/vc_row]<\/p>\n<\/div>","protected":false},"excerpt":{"rendered":"<p>[vc_row][vc_column][\/vc_column][\/vc_row][vc_row full_width=&#8221;stretch_row&#8221; bg_image_position=&#8221;bg-image-ps-bottom&#8221; css=&#8221;.vc_custom_1724498814951{padding-top: 65px !important;padding-bottom: 95px !important;background: #191514 url(https:\/\/ml2giximymvt.i.optimole.com\/cb:IRDW.f0f\/w:auto\/h:auto\/q:mauto\/f:best\/https:\/\/bginterier.com\/wp-content\/uploads\/2024\/08\/bg-fancybox2.png?id=2096) !important;background-position: center !important;background-repeat: no-repeat !important;background-size: cover !important;}&#8221;][vc_column css_animation=&#8221;fadeInUp&#8221; width=&#8221;1\/3&#8243; css=&#8221;.vc_custom_1551776140051{padding-top: 30px !important;}&#8221;][ct_fancybox icon_list=&#8221;flaticon&#8221; btn_link=&#8221;url:https%3A%2F%2Fbginterier.com%2Fnase-sluzby%2F&#8221; title=&#8221;N\u00c1VRH&#8221; description=&#8221;Va\u0161e predstavy si na za\u010diatku zrealizujeme v nieko\u013ek\u00fdch n\u00e1vrhoch.&#8221; icon_flaticon=&#8221;flaticon-legal-paper&#8221;][\/vc_column][vc_column css_animation=&#8221;fadeInUp&#8221; width=&#8221;1\/3&#8243; css=&#8221;.vc_custom_1551776131435{padding-top: 30px !important;}&#8221;][ct_fancybox icon_list=&#8221;flaticon&#8221; btn_link=&#8221;url:https%3A%2F%2Fbginterier.com%2Fnase-sluzby%2F&#8221; title=&#8221;V\u00ddROBA&#8221; description=&#8221;Na v\u00fdrobu pou\u017e\u00edvame prvotriedne materi\u00e1ly a kovanie.&#8221; icon_flaticon=&#8221;flaticon-real-estate&#8221;][\/vc_column][vc_column css_animation=&#8221;fadeInUp&#8221; width=&#8221;1\/3&#8243; css=&#8221;.vc_custom_1551776148153{padding-top: 30px [&hellip;]<\/p>\n","protected":false},"author":2,"featured_media":0,"parent":0,"menu_order":0,"comment_status":"closed","ping_status":"closed","template":"","meta":{"om_disable_all_campaigns":false,"_monsterinsights_skip_tracking":false,"_monsterinsights_sitenote_active":false,"_monsterinsights_sitenote_note":"","_monsterinsights_sitenote_category":0,"footnotes":"","_links_to":"","_links_to_target":""},"class_list":["post-1906","page","type-page","status-publish","hentry"],"aioseo_notices":[],"_links":{"self":[{"href":"https:\/\/bginterier.com\/en\/wp-json\/wp\/v2\/pages\/1906"}],"collection":[{"href":"https:\/\/bginterier.com\/en\/wp-json\/wp\/v2\/pages"}],"about":[{"href":"https:\/\/bginterier.com\/en\/wp-json\/wp\/v2\/types\/page"}],"author":[{"embeddable":true,"href":"https:\/\/bginterier.com\/en\/wp-json\/wp\/v2\/users\/2"}],"replies":[{"embeddable":true,"href":"https:\/\/bginterier.com\/en\/wp-json\/wp\/v2\/comments?post=1906"}],"version-history":[{"count":53,"href":"https:\/\/bginterier.com\/en\/wp-json\/wp\/v2\/pages\/1906\/revisions"}],"predecessor-version":[{"id":2360,"href":"https:\/\/bginterier.com\/en\/wp-json\/wp\/v2\/pages\/1906\/revisions\/2360"}],"wp:attachment":[{"href":"https:\/\/bginterier.com\/en\/wp-json\/wp\/v2\/media?parent=1906"}],"curies":[{"name":"wp","href":"https:\/\/api.w.org\/{rel}","templated":true}]}}