{"id":329,"date":"2018-11-20T15:01:18","date_gmt":"2018-11-20T14:01:18","guid":{"rendered":"http:\/\/bginterier.com\/new\/?page_id=329"},"modified":"2025-11-03T23:46:59","modified_gmt":"2025-11-03T22:46:59","slug":"kontakt","status":"publish","type":"page","link":"https:\/\/bginterier.com\/en\/kontakt\/","title":{"rendered":"Contact"},"content":{"rendered":"<p><div class='content-column one_third'><strong>ADDRESS<\/strong><br \/>\nB&amp;G Interi\u00e9r, s.r.o.<br \/>\nPriemyseln\u00fd are\u00e1l 148<br \/>\n089 01 Stro\u010d\u00edn<\/p>\n<p><strong>PHONE<\/strong><br \/>\n+421 903 615 450<br \/>\n+421 904 656 491<\/strong><\/p>\n<p><strong>EMAIL<\/strong><br \/>\n<a href=\"mailto:info@bginterier.com\">info@bginterier.com<\/a><\/p>\n<p><strong>BILLING DATA<\/strong><br \/>\nI\u010cO: 43921108<br \/>\nDI\u010c: 2022526231<br \/>\nI\u010c DPH: SK2022526231<br \/>\nZap\u00edsan\u00fd v obchodnom registri SR.<br \/>\nOkresn\u00fd s\u00fad Pre\u0161ov, vlo\u017eka \u010d\u00edslo 19576\/P Oddiel Sro.<br \/><\/div>\n<div class='content-column one_third'><strong>WHERE TO FIND US<\/strong><\/p>\n<p><iframe style=\"border: 0;\" src=\"https:\/\/www.google.com\/maps\/embed?pb=!1m18!1m12!1m3!1d432422.9385533587!2d20.97285158018767!3d49.23786945678606!2m3!1f0!2f0!3f0!3m2!1i1024!2i768!4f13.1!3m3!1m2!1s0x473e9e65421553ab%3A0xd71b286d404c61ed!2zQiZHIElOVEVSScOJUiwgcy5yLm8u!5e0!3m2!1ssk!2ssk!4v1542728304767\" width=\"450\" height=\"550\" frameborder=\"0\" allowfullscreen=\"allowfullscreen\"><\/iframe><br \/><\/div>\n<div class='content-column one_third last_column'><strong>CONTACT US<\/strong><br \/>\n\n<div class=\"wpcf7 no-js\" id=\"wpcf7-f7-o2\" lang=\"sk-SK\" dir=\"ltr\">\n<div class=\"screen-reader-response\"><p role=\"status\" aria-live=\"polite\" aria-atomic=\"true\"><\/p> <ul><\/ul><\/div>\n<form action=\"\/en\/wp-json\/wp\/v2\/pages\/329#wpcf7-f7-o2\" method=\"post\" class=\"wpcf7-form init\" aria-label=\"Kontaktn\u00fd formul\u00e1r\" novalidate=\"novalidate\" data-status=\"init\">\n<div style=\"display: none;\">\n<input type=\"hidden\" name=\"_wpcf7\" value=\"7\" \/>\n<input type=\"hidden\" name=\"_wpcf7_version\" value=\"5.9.8\" \/>\n<input type=\"hidden\" name=\"_wpcf7_locale\" value=\"sk_SK\" \/>\n<input type=\"hidden\" name=\"_wpcf7_unit_tag\" value=\"wpcf7-f7-o2\" \/>\n<input type=\"hidden\" name=\"_wpcf7_container_post\" value=\"0\" \/>\n<input type=\"hidden\" name=\"_wpcf7_posted_data_hash\" value=\"\" \/>\n<input type=\"hidden\" name=\"_wpcf7_recaptcha_response\" value=\"\" \/>\n<\/div>\n<p><label> Name (*)<br \/>\n<span class=\"wpcf7-form-control-wrap\" data-name=\"your-name\"><input size=\"40\" maxlength=\"400\" class=\"wpcf7-form-control wpcf7-text wpcf7-validates-as-required\" aria-required=\"true\" aria-invalid=\"false\" value=\"\" type=\"text\" name=\"your-name\" \/><\/span> <\/label>\n<\/p>\n<p><label> Email (*)<br \/>\n<span class=\"wpcf7-form-control-wrap\" data-name=\"your-email\"><input size=\"40\" maxlength=\"400\" class=\"wpcf7-form-control wpcf7-email wpcf7-validates-as-required wpcf7-text wpcf7-validates-as-email\" aria-required=\"true\" aria-invalid=\"false\" value=\"\" type=\"email\" name=\"your-email\" \/><\/span> <\/label>\n<\/p>\n<p><label> Phone<br \/>\n<span class=\"wpcf7-form-control-wrap\" data-name=\"your-subject\"><input size=\"40\" maxlength=\"400\" class=\"wpcf7-form-control wpcf7-text\" aria-invalid=\"false\" value=\"\" type=\"text\" name=\"your-subject\" \/><\/span> <\/label>\n<\/p>\n<p><label> Message<br \/>\n<span class=\"wpcf7-form-control-wrap\" data-name=\"your-message\"><textarea cols=\"40\" rows=\"10\" maxlength=\"2000\" class=\"wpcf7-form-control wpcf7-textarea\" aria-invalid=\"false\" name=\"your-message\"><\/textarea><\/span> <\/label>\n<\/p>\n<p><input class=\"wpcf7-form-control wpcf7-submit has-spinner\" type=\"submit\" value=\"Send\" \/>\n<\/p><div class=\"wpcf7-response-output\" aria-hidden=\"true\"><\/div>\n<\/form>\n<\/div>\n<br \/><\/div><div class='clear_column'><\/div><\/p>","protected":false},"excerpt":{"rendered":"ADDRESS B&amp;G Interi\u00e9r, s.r.o. Priemyseln\u00fd are\u00e1l 148 089 01 Stro\u010d\u00edn PHONE +421 903 615 450 +421 904 656 491 EMAIL info@bginterier.com BILLING DATA I\u010cO: 43921108 DI\u010c: 2022526231 I\u010c DPH: SK2022526231 Zap\u00edsan\u00fd v obchodnom registri SR. Okresn\u00fd s\u00fad Pre\u0161ov, vlo\u017eka \u010d\u00edslo 19576\/P Oddiel Sro. WHERE TO FIND US CONTACT US Name (*) Email (*) Phone Message","protected":false},"author":2,"featured_media":0,"parent":0,"menu_order":0,"comment_status":"closed","ping_status":"closed","template":"","meta":{"om_disable_all_campaigns":false,"_monsterinsights_skip_tracking":false,"_monsterinsights_sitenote_active":false,"_monsterinsights_sitenote_note":"","_monsterinsights_sitenote_category":0,"footnotes":"","_links_to":"","_links_to_target":""},"class_list":["post-329","page","type-page","status-publish","hentry"],"aioseo_notices":[],"_links":{"self":[{"href":"https:\/\/bginterier.com\/en\/wp-json\/wp\/v2\/pages\/329"}],"collection":[{"href":"https:\/\/bginterier.com\/en\/wp-json\/wp\/v2\/pages"}],"about":[{"href":"https:\/\/bginterier.com\/en\/wp-json\/wp\/v2\/types\/page"}],"author":[{"embeddable":true,"href":"https:\/\/bginterier.com\/en\/wp-json\/wp\/v2\/users\/2"}],"replies":[{"embeddable":true,"href":"https:\/\/bginterier.com\/en\/wp-json\/wp\/v2\/comments?post=329"}],"version-history":[{"count":32,"href":"https:\/\/bginterier.com\/en\/wp-json\/wp\/v2\/pages\/329\/revisions"}],"predecessor-version":[{"id":2299,"href":"https:\/\/bginterier.com\/en\/wp-json\/wp\/v2\/pages\/329\/revisions\/2299"}],"wp:attachment":[{"href":"https:\/\/bginterier.com\/en\/wp-json\/wp\/v2\/media?parent=329"}],"curies":[{"name":"wp","href":"https:\/\/api.w.org\/{rel}","templated":true}]}}